{"id":11,"date":"2020-07-09T14:20:45","date_gmt":"2020-07-09T12:20:45","guid":{"rendered":"http:\/\/localhost:7000\/?page_id=11"},"modified":"2022-05-10T09:58:09","modified_gmt":"2022-05-10T07:58:09","slug":"landing-page","status":"publish","type":"page","link":"https:\/\/projektowaniegraficzne.asp.katowice.pl\/","title":{"rendered":"Tytu\u0142 strony oraz stopka"},"content":{"rendered":"\n<p>Studiuj<strong> Animacj\u0119 i Projektowanie gier, UX\/UI Design, Projektowanie graficzne i Informacj\u0119 wizualn\u0105 <\/strong> w Akademii Sztuk Pi\u0119knych w Katowicach<\/p>\n","protected":false},"excerpt":{"rendered":"<p>Studiuj Animacj\u0119 i Projektowanie gier, UX\/UI Design, Projektowanie graficzne i Informacj\u0119 wizualn\u0105 w Akademii Sztuk Pi\u0119knych w Katowicach<\/p>\n","protected":false},"author":1,"featured_media":0,"parent":0,"menu_order":0,"comment_status":"closed","ping_status":"closed","template":"","meta":{"_acf_changed":false,"footnotes":""},"class_list":["post-11","page","type-page","status-publish","hentry"],"acf":[],"_links":{"self":[{"href":"https:\/\/projektowaniegraficzne.asp.katowice.pl\/index.php?rest_route=\/wp\/v2\/pages\/11","targetHints":{"allow":["GET"]}}],"collection":[{"href":"https:\/\/projektowaniegraficzne.asp.katowice.pl\/index.php?rest_route=\/wp\/v2\/pages"}],"about":[{"href":"https:\/\/projektowaniegraficzne.asp.katowice.pl\/index.php?rest_route=\/wp\/v2\/types\/page"}],"author":[{"embeddable":true,"href":"https:\/\/projektowaniegraficzne.asp.katowice.pl\/index.php?rest_route=\/wp\/v2\/users\/1"}],"replies":[{"embeddable":true,"href":"https:\/\/projektowaniegraficzne.asp.katowice.pl\/index.php?rest_route=%2Fwp%2Fv2%2Fcomments&post=11"}],"version-history":[{"count":40,"href":"https:\/\/projektowaniegraficzne.asp.katowice.pl\/index.php?rest_route=\/wp\/v2\/pages\/11\/revisions"}],"predecessor-version":[{"id":530,"href":"https:\/\/projektowaniegraficzne.asp.katowice.pl\/index.php?rest_route=\/wp\/v2\/pages\/11\/revisions\/530"}],"wp:attachment":[{"href":"https:\/\/projektowaniegraficzne.asp.katowice.pl\/index.php?rest_route=%2Fwp%2Fv2%2Fmedia&parent=11"}],"curies":[{"name":"wp","href":"https:\/\/api.w.org\/{rel}","templated":true}]}}